{"id":2048,"date":"2020-12-09T14:36:06","date_gmt":"2020-12-09T13:36:06","guid":{"rendered":"http:\/\/mieltiojuancruz.com\/as-nossas-flores\/"},"modified":"2020-12-09T14:36:07","modified_gmt":"2020-12-09T13:36:07","slug":"as-nossas-flores","status":"publish","type":"page","link":"https:\/\/mieltiojuancruz.com\/pt-pt\/as-nossas-flores\/","title":{"rendered":"AS NOSSAS FLORES"},"content":{"rendered":"<p>[vc_row][vc_column width=&#8221;1\/1&#8243;][section_header use_decoration=&#8221;1&#8243; layout_type=&#8221;section-heading-border-top-bottom&#8221; separator_position=&#8221;center&#8221; main_heading=&#8221;AS NOSSAS FLORES&#8221; text_align=&#8221;center&#8221; font_size=&#8221;default&#8221; font_style=&#8221;default&#8221; separator_color=&#8221;#dd9933&#8243;][\/vc_column][\/vc_row][vc_row][vc_column width=&#8221;1\/3&#8243;][vc_single_image image=&#8221;472&#8243; alignment=&#8221;center&#8221; style=&#8221;vc_box_outline_circle&#8221; border_color=&#8221;grey&#8221; img_link_target=&#8221;_self&#8221; image_hover=&#8221;none&#8221; image_hover_type=&#8221;default&#8221; img_size=&#8221;full&#8221;][vc_single_image image=&#8221;474&#8243; alignment=&#8221;center&#8221; style=&#8221;vc_box_outline_circle&#8221; border_color=&#8221;grey&#8221; img_link_target=&#8221;_self&#8221; image_hover=&#8221;none&#8221; image_hover_type=&#8221;default&#8221; img_size=&#8221;full&#8221;][\/vc_column][vc_column width=&#8221;2\/3&#8243;][vc_column_text]As mais de 3000 colmeias que a Ap\u00edcola Cuartero tem distribu\u00eddas por grande parte da geografia espanhola fazem com que os Mieles del T\u00edo Juan Cruz abarquem uma grande variedade de flora\u00e7\u00f5es dos mais diversos ecossistemas para que as abelhas as polinizem.<\/p>\n<p>Do territ\u00f3rio aragon\u00eas, aproveitam-se flores como o alecrim e o tomilho rosa, a primeira produz mel de cor muito clara, sabor suave e com um agrad\u00e1vel final arom\u00e1tico; e a segunda \u00e9 de uma cor \u00e2mbar e de sabor doce com notas \u00e1cidas.<\/p>\n<p>A montanha oferece outro tipo de variedades, como os meles de lavanda, de grande poder refrescante; urze, de cor vermelha \u00e2mbar e sabor intenso; eucalipto, extremamente arom\u00e1tico e sabor amadeirado; rosmaninho ou lavanda vermelha, de sabor suave e perfumado; amora silvestre, mel exclusivo procedente do suco das amoras; e n\u00e9ctares de azinheira e carvalho, de cor muito escura pelo seu grande teor em ferro e sabor profundo.<\/p>\n<p>Tamb\u00e9m a zona mediterr\u00e2nea tem flores de n\u00e9ctar muito atraente para as abelhas. O levante espanhol produz os meles de flor de laranjeira, de nespereira ou de limoeiro, de sabor c\u00edtrico, finos e muito arom\u00e1ticos.<\/p>\n<p>A meseta espanhola oferece flores como o girassol, a segurelha, tomilho branco e alfazema ou lavanda selvagem. A primeira d\u00e1 um mel de cor \u00e2mbar claro, odor floral com notas oleosas e de sabor muito doce. A segunda d\u00e1 um mel denso, de cor quase branca e qualidade superior.<\/p>\n<p>Das pradarias do Vale do Ebro, s\u00e3o os meles \u201cMil flores\u201d e da alfalfa. Como bem diz o seu nome, o mel \u201cMil flores\u201d \u00e9 um mel natural procedente de diferentes esp\u00e9cies de flores.<\/p>\n<p>Outras plantas com as quais se produzem os Mieles del T\u00edo Juan Cruz s\u00e3o a t\u00edlia, que produz um mel de cor amarela suave e odor fragrante; o abeto, cuja seiva as abelhas recolhem e transformam em mel verde e de aroma bals\u00e2mico; e a ac\u00e1cia, que d\u00e1 um mel cristalino e muito l\u00edquido e tem um sabor suave, que oferece ao paladar uma do\u00e7ura incompar\u00e1vel.[\/vc_column_text][\/vc_column][\/vc_row]<\/p>\n","protected":false},"excerpt":{"rendered":"<p>[vc_row][vc_column width=&#8221;1\/1&#8243;][section_header use_decoration=&#8221;1&#8243; layout_type=&#8221;section-heading-border-top-bottom&#8221; separator_position=&#8221;center&#8221; main_heading=&#8221;AS NOSSAS FLORES&#8221; text_align=&#8221;center&#8221; font_size=&#8221;default&#8221; font_style=&#8221;default&#8221; separator_color=&#8221;#dd9933&#8243;][\/vc_column][\/vc_row][vc_row][vc_column width=&#8221;1\/3&#8243;][vc_single_image image=&#8221;472&#8243; alignment=&#8221;center&#8221; style=&#8221;vc_box_outline_circle&#8221; border_color=&#8221;grey&#8221; img_link_target=&#8221;_self&#8221; image_hover=&#8221;none&#8221; image_hover_type=&#8221;default&#8221; img_size=&#8221;full&#8221;][vc_single_image image=&#8221;474&#8243; alignment=&#8221;center&#8221; style=&#8221;vc_box_outline_circle&#8221; border_color=&#8221;grey&#8221; img_link_target=&#8221;_self&#8221; image_hover=&#8221;none&#8221; image_hover_type=&#8221;default&#8221; img_size=&#8221;full&#8221;][\/vc_column][vc_column width=&#8221;2\/3&#8243;][vc_column_text]As mais de 3000 colmeias que a Ap\u00edcola Cuartero tem distribu\u00eddas por grande parte da geografia espanhola fazem com que os Mieles del T\u00edo Juan Cruz&hellip;<\/p>\n","protected":false},"author":1,"featured_media":0,"parent":0,"menu_order":0,"comment_status":"closed","ping_status":"closed","template":"","meta":[],"_links":{"self":[{"href":"https:\/\/mieltiojuancruz.com\/pt-pt\/wp-json\/wp\/v2\/pages\/2048"}],"collection":[{"href":"https:\/\/mieltiojuancruz.com\/pt-pt\/wp-json\/wp\/v2\/pages"}],"about":[{"href":"https:\/\/mieltiojuancruz.com\/pt-pt\/wp-json\/wp\/v2\/types\/page"}],"author":[{"embeddable":true,"href":"https:\/\/mieltiojuancruz.com\/pt-pt\/wp-json\/wp\/v2\/users\/1"}],"replies":[{"embeddable":true,"href":"https:\/\/mieltiojuancruz.com\/pt-pt\/wp-json\/wp\/v2\/comments?post=2048"}],"version-history":[{"count":2,"href":"https:\/\/mieltiojuancruz.com\/pt-pt\/wp-json\/wp\/v2\/pages\/2048\/revisions"}],"predecessor-version":[{"id":2050,"href":"https:\/\/mieltiojuancruz.com\/pt-pt\/wp-json\/wp\/v2\/pages\/2048\/revisions\/2050"}],"wp:attachment":[{"href":"https:\/\/mieltiojuancruz.com\/pt-pt\/wp-json\/wp\/v2\/media?parent=2048"}],"curies":[{"name":"wp","href":"https:\/\/api.w.org\/{rel}","templated":true}]}}