{"id":1518,"date":"2018-02-26T18:52:39","date_gmt":"2018-02-26T16:52:39","guid":{"rendered":"http:\/\/mieltiojuancruz.com\/aviso-legal\/"},"modified":"2020-11-09T18:56:11","modified_gmt":"2020-11-09T17:56:11","slug":"aviso-legal","status":"publish","type":"page","link":"https:\/\/mieltiojuancruz.com\/sv\/aviso-legal\/","title":{"rendered":"sekretesspolicyn"},"content":{"rendered":"<ol>\n<li>\n<h3>IDENTIFIERINGSDATA<\/h3>\n<\/li>\n<\/ol>\n<p>I enlighet med informationsskyldigheten i artikel 10 i lag 34\/2002 av den 11 juli om tj\u00e4nster fr\u00e5n informationssamh\u00e4llet och elektronisk handel f\u00f6rklarar vi att f\u00f6retaget som \u00e4ger webbdom\u00e4nen \u00e4r APICOLA CUARTERO NAVARRO SL (h\u00e4danefter Miel Tio Juan Cruz), med adress f\u00f6r detta \u00e4ndam\u00e5l p\u00e5 Calle la Posada, 4 50529 \u2013 (Fuendejalon) Zaragoza, Spanien. C.I.F-nummer: B99056129 inskriven i f\u00f6retagsregistret i Zaragoza. Webbplatsens e-postadress: info@mieltiojuancruz.com.<\/p>\n<ol start=\"2\">\n<li>\n<h3>ANV\u00c4NDARE<\/h3>\n<\/li>\n<\/ol>\n<p>Anv\u00e4ndning och tillg\u00e5ng av portalen Miel Tio Juan Cruz inneb\u00e4r att ANV\u00c4NDAREN accepterar de allm\u00e4nna anv\u00e4ndarvillkoren som \u00e5terspeglas h\u00e4r. De ovann\u00e4mnda villkoren kommer att till\u00e4mpas oberoende av de allm\u00e4nna avtalsvillkoren som i deras fall \u00e4r obligatoriska.<\/p>\n<ol start=\"3\">\n<li>\n<h3>ANV\u00c4NDNING AV PORTALEN<\/h3>\n<\/li>\n<\/ol>\n<p>mieltiojuancruz.com ger tillg\u00e5ng till en m\u00e4ngd information, tj\u00e4nster, program eller data (nedan \u201dinneh\u00e5llet\u201d) p\u00e5 Internet som tillh\u00f6r Miel Tio Juan Cruz eller dess licensgivare som ANV\u00c4NDAREN kan ha tillg\u00e5ng till. ANV\u00c4NDAREN tar ansvar f\u00f6r anv\u00e4ndningen av portalen.\u00a0\u00a0\u00a0\u00a0\u00a0\u00a0\u00a0\u00a0\u00a0\u00a0\u00a0\u00a0\u00a0\u00a0\u00a0\u00a0\u00a0\u00a0\u00a0\u00a0\u00a0\u00a0\u00a0\u00a0\u00a0\u00a0\u00a0\u00a0 Detta ansvar str\u00e4cker sig till den registrering som \u00e4r n\u00f6dv\u00e4ndig f\u00f6r att f\u00e5 \u00e5tkomst till vissa tj\u00e4nster eller inneh\u00e5ll.<\/p>\n<p>I n\u00e4mnda registrering kommer anv\u00e4ndaren att ansvara f\u00f6r att tillhandah\u00e5lla sanningsenlig och laglig information. Som en f\u00f6ljd av denna registrering kan ANV\u00c4NDAREN f\u00f6rses med ett l\u00f6senord som han kommer att ansvara f\u00f6r<\/p>\n<p>och f\u00f6rbinder sig att g\u00f6ra det noggrant och konfidentiellt. ANV\u00c4NDAREN samtycker till att anv\u00e4nda l\u00e4mpligt inneh\u00e5ll och tj\u00e4nster (som chattj\u00e4nster, diskussionsforum eller nyhetsgrupper) som namnet p\u00e5 f\u00f6retaget som har skapat webbplatsen, erbjuder via sin portal och som exempel men inte begr\u00e4nsar, inte anv\u00e4nder dem f\u00f6r (i) \u00e5dra sig i aktiviteter som \u00e4r olagliga, olagliga eller i strid med god tro och allm\u00e4n ordning. (ii)sprida inneh\u00e5ll eller propaganda av rasistisk, fr\u00e4mlingsfientlighet, pornografisk-olaglig karakt\u00e4r, till st\u00f6d f\u00f6r terrorism eller ett f\u00f6rs\u00f6k mot m\u00e4nskliga r\u00e4ttigheter, (iii) orsaka skador p\u00e5 de fysiska och logiska systemen hos namnet p\u00e5 f\u00f6retaget som har skapat webbplatsen, dess leverant\u00f6rer eller tredje parter, inf\u00f6ra eller sprida datavirus eller andra fysiska eller logiska system som kan orsaka skadorna som tidigare n\u00e4mns (iv) f\u00f6rs\u00f6ka komma \u00e5t och, i f\u00f6rekommande fall, anv\u00e4nda andra anv\u00e4ndares e-postkonton och \u00e4ndra eller manipulera deras meddelanden. Namnet p\u00e5 f\u00f6retaget som skapade webbplatsen f\u00f6rbeh\u00e5ller sig r\u00e4tten att dra tillbaka alla kommentarer och bidrag som strider mot respekten f\u00f6r personens v\u00e4rdighet, som \u00e4r diskriminerande, fr\u00e4mlingsfientliga, rasistiska, pornografiska, som hotar ungdomar eller barndom, ordning eller allm\u00e4n s\u00e4kerhet eller som enligt hans \u00e5sikt inte \u00e4r l\u00e4mpliga f\u00f6r publicering. I vilket fall som helst kommer Miel Tio Juan Cruz inte att ansvara f\u00f6r de \u00e5sikter som anv\u00e4ndarna uttrycker genom forum, chattar eller andra deltagande verktyg.<\/p>\n<ol start=\"4\">\n<li>\n<h3>DATASKYDD<\/h3>\n<\/li>\n<\/ol>\n<p>Miel Tio Juan Cruz f\u00f6ljer riktlinjerna i organisk lag 15\/1999 av den 13 december om skydd av personuppgifter, kungligt dekret 1720\/2007 av den 21 december, som godk\u00e4nner f\u00f6rordningarna f\u00f6r utveckling av organisk lag och andra f\u00f6rordningar g\u00e4ller alltid och garanterar korrekt anv\u00e4ndning och behandling av anv\u00e4ndarens personuppgifter. F\u00f6r att g\u00f6ra detta, tillsammans med varje formul\u00e4r f\u00f6r insamling av personuppgifter, i de tj\u00e4nster som anv\u00e4ndaren kan beg\u00e4ra fr\u00e5n info@mieltiojuancruz.com, kommer anv\u00e4ndaren att informeras om f\u00f6rekomsten och godk\u00e4nnandet av de s\u00e4rskilda villkoren f\u00f6r behandlingen av deras data i varje fall och informera honom\/henne om ansvaret f\u00f6r den skapade filen, adressen till den ansvariga personen, m\u00f6jligheten att ut\u00f6va sina r\u00e4ttigheter till tillg\u00e5ng, r\u00e4ttelse, avbokning eller inv\u00e4ndning, syftet med behandlingen och kommunikation av uppgifter till tredje part i f\u00f6rekommande fall.<\/p>\n<p>P\u00e5 samma s\u00e4tt meddelar Miel Tio Juan Cruz att de f\u00f6ljer lag 34\/2002 av den 11 juli om tj\u00e4nster av informationssamh\u00e4llet och elektronisk handel och kommer alltid att beg\u00e4ra ditt samtycke till att din e-post behandlas kommersiellt.<\/p>\n<ol start=\"5\">\n<li>\n<h3>INTELLEKTUELL OCH INDUSTRIELL EGENDOM<\/h3>\n<\/li>\n<\/ol>\n<p>Miel Tio Juan Cruz av sig sj\u00e4lv eller som innehavare \u00e4r \u00e4gare till alla immaterialr\u00e4ttsliga och industriella \u00e4gander\u00e4tten p\u00e5 sin webbplats, liksom de delar som ing\u00e5r i den (till exempel bilder, ljud, ljud, video, programvara eller texter, varum\u00e4rken eller logotyper, kombinationer av f\u00e4rger, struktur och design, urval av anv\u00e4nda material, datorprogram som \u00e4r n\u00f6dv\u00e4ndiga f\u00f6r drift, tillg\u00e5ng och anv\u00e4ndning etc.), \u00e4gander\u00e4tt till Miel Tio Juan Cruz eller dess licensgivare.<\/p>\n<p>Alla r\u00e4ttigheter reserverade I enlighet med best\u00e4mmelserna i artiklarna 8 och 32.1 andra stycket i immaterialr\u00e4tten, reproduktion, distribution och offentlig kommunikation, inklusive dess metod f\u00f6r att tillhandah\u00e5lla, hela eller delar av inneh\u00e5llet p\u00e5 denna webbplats, f\u00f6r kommersiella \u00e4ndam\u00e5l, i alla medier och p\u00e5 n\u00e5got tekniskt s\u00e4tt, utan tillst\u00e5nd fr\u00e5n Miel Tio Juan Cruz. ANV\u00c4NDAREN f\u00f6rbinder sig att respektera den immateriella och industriella \u00e4gander\u00e4tten som \u00e4gs av Miel Tio Juan Cruz. Du kan visa elementen i portalen och till och med skriva ut, kopiera och lagra dem p\u00e5 din dators h\u00e5rddisk eller p\u00e5 n\u00e5got annat fysiskt medium s\u00e5 l\u00e4nge det \u00e4r enbart och exklusivt f\u00f6r ditt personliga och privata bruk. ANV\u00c4NDAREN m\u00e5ste avst\u00e5 fr\u00e5n att radera, \u00e4ndra, undvika eller manipulera n\u00e5gon skyddsanordning eller s\u00e4kerhetssystem som har installerats p\u00e5 Miel Tio Juan Cruz-sidorna.<\/p>\n<ol start=\"6\">\n<li>\n<h3>UTESLUTANDE AV GARANTIER OCH ANSVAR<\/h3>\n<\/li>\n<\/ol>\n<p>Miel Tio Juan Cruz ska under inga omst\u00e4ndigheter h\u00e5llas ansvarig f\u00f6r skador av n\u00e5got slag som kan orsaka, till exempel: fel eller utel\u00e4mnanden i inneh\u00e5llet, brist p\u00e5 tillg\u00e4nglighet av portalen eller \u00f6verf\u00f6ring av virus eller skadliga eller skadliga program i inneh\u00e5llet trots att de har vidtagit alla n\u00f6dv\u00e4ndiga tekniska \u00e5tg\u00e4rder f\u00f6r att undvika det.<\/p>\n<ol start=\"7\">\n<li>\n<h3>\u00c4NDRINGAR<\/h3>\n<\/li>\n<\/ol>\n<p>Miel Tio Juan Cruz f\u00f6rbeh\u00e5ller sig r\u00e4tten att g\u00f6ra de \u00e4ndringar den anser l\u00e4mpliga p\u00e5 sin portal utan f\u00f6reg\u00e5ende meddelande, att kunna \u00e4ndra, radera eller l\u00e4gga till b\u00e5de inneh\u00e5llet och tj\u00e4nsterna som tillhandah\u00e5lls genom det och det s\u00e4tt p\u00e5 vilket de presenteras eller ligger i din portal.<\/p>\n<ol start=\"8\">\n<li>\n<h3>L\u00c4NKAR<\/h3>\n<\/li>\n<\/ol>\n<p>I h\u00e4ndelse av att mieltiojuancruz.com tillhandah\u00e5ller l\u00e4nkar eller hyperl\u00e4nkar till andra webbplatser kommer Miel Tio Juan Cruz inte att ut\u00f6va n\u00e5gon typ av kontroll \u00f6ver n\u00e4mnda webbplatser och inneh\u00e5ll. I inget fall kommer Miel Tio Juan Cruz att ta n\u00e5got ansvar f\u00f6r inneh\u00e5llet i n\u00e5gon l\u00e4nk som tillh\u00f6r en tredje parts webbplats, och det kommer inte heller att garantera den tekniska tillg\u00e4ngligheten, kvaliteten, tillf\u00f6rlitligheten, noggrannheten, bredden, riktigheten, giltigheten och konstitutionaliteten hos n\u00e5got material eller information som finns i n\u00e5gon av n\u00e4mnda hyperl\u00e4nkar eller andra webbplatser.<\/p>\n<p>P\u00e5 samma s\u00e4tt inneb\u00e4r inf\u00f6randet av dessa externa anslutningar inte n\u00e5gon form av f\u00f6rening, sammanslagning eller deltagande med de anslutna enheterna.<\/p>\n<ol start=\"9\">\n<li>\n<h3>R\u00c4TT TILL EXKLUSION<\/h3>\n<\/li>\n<\/ol>\n<p>Miel Tio Juan Cruz f\u00f6rbeh\u00e5ller sig r\u00e4tten att neka eller \u00e5terkalla \u00e5tkomst till portalen och\/eller de tj\u00e4nster som erbjuds utan f\u00f6reg\u00e5ende meddelande, p\u00e5 egen beg\u00e4ran eller av tredje part, till de anv\u00e4ndare som inte f\u00f6ljer dessa allm\u00e4nna anv\u00e4ndningsvillkor.<\/p>\n<h3>ALLM\u00c4NT<\/h3>\n<p>Miel Tio Juan Cruz kommer att forts\u00e4tta att bryta mot dessa villkor samt eventuella felaktiga anv\u00e4ndningar av portalen som ut\u00f6var alla civila och kriminella handlingar som kan motsvara det enligt lag.<\/p>\n<ol start=\"11\">\n<li>\n<h3>\u00c4NDRING AV NUVARANDE F\u00d6RH\u00c5LLANDEN OCH VARAKTIGHET<\/h3>\n<\/li>\n<\/ol>\n<p>Miel Tio Juan Cruz kan n\u00e4r som helst \u00e4ndra de villkor som best\u00e4ms h\u00e4r och publiceras p\u00e5 r\u00e4tt s\u00e4tt som de visas h\u00e4r.<\/p>\n<p>Giltigheten f\u00f6r de ovann\u00e4mnda villkoren beror p\u00e5 deras exponering och \u00e4r giltig tills den vederb\u00f6rligen publiceras, som modifieras av andra.<\/p>\n<ol start=\"12\">\n<li>\n<h3>G\u00c4LLANDE LAGSTIFTNING OCH JURISDIKTION<\/h3>\n<\/li>\n<\/ol>\n<p>F\u00f6rh\u00e5llandet mellan Miel Tio Juan Cruz och ANV\u00c4NDAREN regleras av g\u00e4llande spanska regler och varje tvist kommer att \u00f6verl\u00e4mnas till domstolarna och tribunalerna i motsvarande stad.<\/p>\n","protected":false},"excerpt":{"rendered":"<p>IDENTIFIERINGSDATA I enlighet med informationsskyldigheten i artikel 10 i lag 34\/2002 av den 11 juli om tj\u00e4nster fr\u00e5n informationssamh\u00e4llet och elektronisk handel f\u00f6rklarar vi att f\u00f6retaget som \u00e4ger webbdom\u00e4nen \u00e4r APICOLA CUARTERO NAVARRO SL (h\u00e4danefter Miel Tio Juan Cruz), med adress f\u00f6r detta \u00e4ndam\u00e5l p\u00e5 Calle la Posada, 4 50529 \u2013 (Fuendejalon) Zaragoza, Spanien. C.I.F-nummer:&hellip;<\/p>\n","protected":false},"author":1,"featured_media":0,"parent":0,"menu_order":0,"comment_status":"closed","ping_status":"closed","template":"","meta":[],"_links":{"self":[{"href":"https:\/\/mieltiojuancruz.com\/sv\/wp-json\/wp\/v2\/pages\/1518"}],"collection":[{"href":"https:\/\/mieltiojuancruz.com\/sv\/wp-json\/wp\/v2\/pages"}],"about":[{"href":"https:\/\/mieltiojuancruz.com\/sv\/wp-json\/wp\/v2\/types\/page"}],"author":[{"embeddable":true,"href":"https:\/\/mieltiojuancruz.com\/sv\/wp-json\/wp\/v2\/users\/1"}],"replies":[{"embeddable":true,"href":"https:\/\/mieltiojuancruz.com\/sv\/wp-json\/wp\/v2\/comments?post=1518"}],"version-history":[{"count":1,"href":"https:\/\/mieltiojuancruz.com\/sv\/wp-json\/wp\/v2\/pages\/1518\/revisions"}],"predecessor-version":[{"id":1522,"href":"https:\/\/mieltiojuancruz.com\/sv\/wp-json\/wp\/v2\/pages\/1518\/revisions\/1522"}],"wp:attachment":[{"href":"https:\/\/mieltiojuancruz.com\/sv\/wp-json\/wp\/v2\/media?parent=1518"}],"curies":[{"name":"wp","href":"https:\/\/api.w.org\/{rel}","templated":true}]}}