{"id":1527,"date":"2014-10-29T21:57:49","date_gmt":"2014-10-29T21:57:49","guid":{"rendered":"http:\/\/mieltiojuancruz.com\/historia\/"},"modified":"2020-12-14T23:42:04","modified_gmt":"2020-12-14T22:42:04","slug":"historia","status":"publish","type":"page","link":"https:\/\/mieltiojuancruz.com\/sv\/historia\/","title":{"rendered":"HISTORIA"},"content":{"rendered":"<p>[vc_row][vc_column][section_header use_decoration=&#8221;1&#8243; layout_type=&#8221;section-heading-wave&#8221; main_heading=&#8221;<strong>HISTORIA<\/strong>&#8221; separator_color=&#8221;#dd9933&#8243;][\/vc_column][\/vc_row][vc_row][vc_column width=&#8221;1\/4&#8243;][vc_single_image image=&#8221;2279&#8243; img_size=&#8221;full&#8221; alignment=&#8221;center&#8221;][\/vc_column][vc_column width=&#8221;1\/4&#8243;][vc_single_image image=&#8221;525&#8243; img_size=&#8221;full&#8221; alignment=&#8221;center&#8221;][\/vc_column][vc_column width=&#8221;1\/2&#8243;][vc_column_text]<\/p>\n<p>Mieles del T\u00edo Juan Cruz \u00e4r ett projekt som har sitt ursprung i f\u00f6retaget Ap\u00edcola Cuartero som grundades1981.<\/p>\n<p>Det \u00e4r forts\u00e4ttningen av en liten familjeg\u00e5rd med bikupor som sj\u00e4lva Juan Cruz administrerade.<\/p>\n<p>Hans son kallade honungen efter sin far f\u00f6r att hedra honom och hans arbete och forts\u00e4tta med traditionen. Steg f\u00f6r steg lyckades han bygga upp och utveckla familjef\u00f6retaget och idag har han n\u00e4stan 3000 bikupor spridda \u00f6ver den spanska geografin.<\/p>\n<p><span style=\"font-size: inherit;\">F\u00f6retaget ligger skyddad vid foten av Moncayo, ett ber\u00f6mt aragoniskt berg omgivet av stora blommor, full av v\u00e4rdefulla resurser f\u00f6r honungsproduktion.[\/vc_column_text][\/vc_column][\/vc_row]<\/span><\/p>\n","protected":false},"excerpt":{"rendered":"<p>[vc_row][vc_column][section_header use_decoration=&#8221;1&#8243; layout_type=&#8221;section-heading-wave&#8221; main_heading=&#8221;HISTORIA&#8221; separator_color=&#8221;#dd9933&#8243;][\/vc_column][\/vc_row][vc_row][vc_column width=&#8221;1\/4&#8243;][vc_single_image image=&#8221;2279&#8243; img_size=&#8221;full&#8221; alignment=&#8221;center&#8221;][\/vc_column][vc_column width=&#8221;1\/4&#8243;][vc_single_image image=&#8221;525&#8243; img_size=&#8221;full&#8221; alignment=&#8221;center&#8221;][\/vc_column][vc_column width=&#8221;1\/2&#8243;][vc_column_text] Mieles del T\u00edo Juan Cruz \u00e4r ett projekt som har sitt ursprung i f\u00f6retaget Ap\u00edcola Cuartero som grundades1981. Det \u00e4r forts\u00e4ttningen av en liten familjeg\u00e5rd med bikupor som sj\u00e4lva Juan Cruz administrerade. Hans son kallade honungen efter sin far f\u00f6r att&hellip;<\/p>\n","protected":false},"author":1,"featured_media":0,"parent":0,"menu_order":0,"comment_status":"closed","ping_status":"closed","template":"","meta":[],"_links":{"self":[{"href":"https:\/\/mieltiojuancruz.com\/sv\/wp-json\/wp\/v2\/pages\/1527"}],"collection":[{"href":"https:\/\/mieltiojuancruz.com\/sv\/wp-json\/wp\/v2\/pages"}],"about":[{"href":"https:\/\/mieltiojuancruz.com\/sv\/wp-json\/wp\/v2\/types\/page"}],"author":[{"embeddable":true,"href":"https:\/\/mieltiojuancruz.com\/sv\/wp-json\/wp\/v2\/users\/1"}],"replies":[{"embeddable":true,"href":"https:\/\/mieltiojuancruz.com\/sv\/wp-json\/wp\/v2\/comments?post=1527"}],"version-history":[{"count":2,"href":"https:\/\/mieltiojuancruz.com\/sv\/wp-json\/wp\/v2\/pages\/1527\/revisions"}],"predecessor-version":[{"id":2302,"href":"https:\/\/mieltiojuancruz.com\/sv\/wp-json\/wp\/v2\/pages\/1527\/revisions\/2302"}],"wp:attachment":[{"href":"https:\/\/mieltiojuancruz.com\/sv\/wp-json\/wp\/v2\/media?parent=1527"}],"curies":[{"name":"wp","href":"https:\/\/api.w.org\/{rel}","templated":true}]}}