{"id":1534,"date":"2014-10-30T20:29:45","date_gmt":"2014-10-30T20:29:45","guid":{"rendered":"http:\/\/mieltiojuancruz.com\/inicio\/"},"modified":"2020-11-10T13:42:54","modified_gmt":"2020-11-10T12:42:54","slug":"inicio","status":"publish","type":"page","link":"https:\/\/mieltiojuancruz.com\/sv\/","title":{"rendered":"INLEIDING"},"content":{"rendered":"<p>[vc_row css=&#8221;.vc_custom_1414866289650{margin-top: -90px !important;margin-bottom: 0px !important;}&#8221; background_style=&#8221;cover&#8221;][vc_column][rev_slider_vc alias=&#8221;principal&#8221;][\/vc_column][\/vc_row][vc_row expanded=&#8221;1,2&#8243; background_style=&#8221;parallax&#8221; el_id=&#8221;parallax1&#8243; css=&#8221;.vc_custom_1414866980577{padding-top: 40px !important;padding-bottom: 40px !important;}&#8221;][vc_column width=&#8221;1\/6&#8243;][\/vc_column][vc_column width=&#8221;2\/3&#8243;][section_header use_decoration=&#8221;1&#8243; layout_type=&#8221;section-heading-polkadot-left-right&#8221; main_heading=&#8221;Mieles del T\u00edo Juan Cruz&#8221; separator_color=&#8221;#dd9933&#8243; css=&#8221;.vc_custom_1414867209967{margin-bottom: 10px !important;}&#8221;][vc_row_inner][vc_column_inner width=&#8221;1\/3&#8243;][vc_single_image image=&#8221;254&#8243; img_size=&#8221;full&#8221; alignment=&#8221;center&#8221; style=&#8221;vc_box_border&#8221; image_hover=&#8221;none&#8221; image_hover_type=&#8221;default&#8221;][\/vc_column_inner][vc_column_inner width=&#8221;2\/3&#8243;][vc_column_text]Detta projekt \u00e4r resultatet av ett arbete som startades av Ap\u00edcola Cuartero, ett familjef\u00f6retag som g\u00e5tt i arv igenom tre generationer och som ligger skyddad i sluttningen av Moncayo-berget.<\/p>\n<p>Med sina mer \u00e4n 3000 bikupor, producerar de honung framst\u00e4lld till 100 % i Spanien av landets allra b\u00e4sta blommor.<\/p>\n<p>Deras mer \u00e4n tjugo olika produkter tillverkas p\u00e5 ett naturligt s\u00e4tt med traditionella metoder utan bek\u00e4mpningsmedel, vilket g\u00f6r varje honung unik, \u00e4ven inom samma produkttyp. P\u00e5 s\u00e5 vis lyckas Mieles T\u00edo Juan Cruz \u00e5teruppliva honungssmaken fr\u00e5n f\u00f6rr, n\u00e4r den k\u00f6ptes direkt fr\u00e5n biodlarens hus.<span style=\"font-size: inherit;\">[\/vc_column_text][\/vc_column_inner][\/vc_row_inner][vc_separator][\/vc_column][vc_column width=&#8221;1\/6&#8243;][\/vc_column][\/vc_row][vc_row][vc_column][section_header use_decoration=&#8221;1&#8243; layout_type=&#8221;section-heading-swirl&#8221; main_heading=&#8221;V\u00c5RA PRODUKTER&#8221; separator_color=&#8221;#dd9933&#8243;][\/vc_column][\/vc_row][vc_row background_style=&#8221;cover&#8221;][vc_column][vc_row_inner][vc_column_inner width=&#8221;1\/4&#8243;][vc_single_image image=&#8221;360&#8243; img_size=&#8221;250&#215;180&#8243; alignment=&#8221;center&#8221; style=&#8221;vc_box_border&#8221; border_color=&#8221;black&#8221; image_hover=&#8221;none&#8221; image_hover_type=&#8221;default&#8221; image_hover_text=&#8221;De Arag\u00f3n&#8221; img_link=&#8221;http:\/\/mieltiojuancruz.com\/sv\/mieles-de-aragon\/&#8221;][vc_column_text el_class=&#8221;nombres&#8221;]<\/span><\/p>\n<p style=\"text-align: center; margin-top: 0;\">HONUNG FR\u00c5N ARAGONIEN<\/p>\n<p>[\/vc_column_text][\/vc_column_inner][vc_column_inner width=&#8221;1\/4&#8243;][vc_single_image image=&#8221;370&#8243; img_size=&#8221;250&#215;180&#8243; alignment=&#8221;center&#8221; style=&#8221;vc_box_border&#8221; border_color=&#8221;black&#8221; image_hover=&#8221;none&#8221; image_hover_type=&#8221;default&#8221; image_hover_text=&#8221;De Arag\u00f3n&#8221; img_link=&#8221;http:\/\/mieltiojuancruz.com\/sv\/mieles-de-montana\/&#8221;][vc_column_text el_class=&#8221;nombres&#8221;]<\/p>\n<p style=\"text-align: center; margin-top: 0;\">HONUNG FR\u00c5N BERGEN<\/p>\n<p>[\/vc_column_text][\/vc_column_inner][vc_column_inner width=&#8221;1\/4&#8243;][vc_single_image image=&#8221;366&#8243; img_size=&#8221;250&#215;180&#8243; alignment=&#8221;center&#8221; style=&#8221;vc_box_border&#8221; border_color=&#8221;black&#8221; image_hover=&#8221;none&#8221; image_hover_type=&#8221;default&#8221; image_hover_text=&#8221;De Arag\u00f3n&#8221; img_link=&#8221;http:\/\/mieltiojuancruz.com\/sv\/mieles-mediterraneas\/&#8221;][vc_column_text el_class=&#8221;nombres&#8221;]<\/p>\n<p style=\"text-align: center; margin-top: 0;\">MEDELHAVSHONUNG<\/p>\n<p>[\/vc_column_text][\/vc_column_inner][vc_column_inner width=&#8221;1\/4&#8243;][vc_single_image image=&#8221;368&#8243; img_size=&#8221;250&#215;180&#8243; alignment=&#8221;center&#8221; style=&#8221;vc_box_border&#8221; border_color=&#8221;black&#8221; image_hover=&#8221;none&#8221; image_hover_type=&#8221;default&#8221; image_hover_text=&#8221;De Arag\u00f3n&#8221; img_link=&#8221;http:\/\/mieltiojuancruz.com\/sv\/mieles-de-meseta\/&#8221;][vc_column_text el_class=&#8221;nombres&#8221;]<\/p>\n<p style=\"text-align: center; margin-top: 0;\">HONUNG FR\u00c5N MESETA<\/p>\n<p>[\/vc_column_text][\/vc_column_inner][\/vc_row_inner][vc_row_inner][vc_column_inner width=&#8221;1\/4&#8243;][vc_single_image image=&#8221;374&#8243; img_size=&#8221;250&#215;180&#8243; alignment=&#8221;center&#8221; style=&#8221;vc_box_border&#8221; border_color=&#8221;black&#8221; image_hover=&#8221;none&#8221; image_hover_type=&#8221;default&#8221; image_hover_text=&#8221;De Arag\u00f3n&#8221; img_link=&#8221;http:\/\/mieltiojuancruz.com\/sv\/mieles-de-pradera\/&#8221;][vc_column_text el_class=&#8221;nombres&#8221;]<\/p>\n<p style=\"text-align: center; margin-top: 0;\">HONUNG FR\u00c5N GR\u00c4SMARK<\/p>\n<p>[\/vc_column_text][\/vc_column_inner][vc_column_inner width=&#8221;1\/4&#8243;][vc_single_image image=&#8221;364&#8243; img_size=&#8221;250&#215;180&#8243; alignment=&#8221;center&#8221; style=&#8221;vc_box_border&#8221; border_color=&#8221;black&#8221; image_hover=&#8221;none&#8221; image_hover_type=&#8221;default&#8221; image_hover_text=&#8221;De Arag\u00f3n&#8221; img_link=&#8221;http:\/\/mieltiojuancruz.com\/sv\/mieles-foraneas\/&#8221;][vc_column_text el_class=&#8221;nombres&#8221;]<\/p>\n<p style=\"text-align: center; margin-top: 0;\">UTL\u00c4NDSK HONUNG<\/p>\n<p>[\/vc_column_text][\/vc_column_inner][vc_column_inner width=&#8221;1\/4&#8243;][vc_single_image image=&#8221;362&#8243; img_size=&#8221;250&#215;180&#8243; alignment=&#8221;center&#8221; style=&#8221;vc_box_border&#8221; border_color=&#8221;black&#8221; image_hover=&#8221;none&#8221; image_hover_type=&#8221;default&#8221; image_hover_text=&#8221;De Arag\u00f3n&#8221; img_link=&#8221;http:\/\/mieltiojuancruz.com\/sv\/mieles-especiales\/&#8221;][vc_column_text el_class=&#8221;nombres&#8221;]<\/p>\n<p style=\"text-align: center; margin-top: 0;\">SPECIELL HONUNG<\/p>\n<p>[\/vc_column_text][\/vc_column_inner][vc_column_inner width=&#8221;1\/4&#8243;][vc_single_image image=&#8221;605&#8243; img_size=&#8221;250&#215;180&#8243; alignment=&#8221;center&#8221; style=&#8221;vc_box_border&#8221; border_color=&#8221;black&#8221; image_hover=&#8221;none&#8221; image_hover_type=&#8221;default&#8221; image_hover_text=&#8221;De Arag\u00f3n&#8221; img_link=&#8221;http:\/\/mieltiojuancruz.com\/sv\/otros-productos-2\/&#8221;][vc_column_text el_class=&#8221;nombres&#8221;]<\/p>\n<p style=\"text-align: center; margin-top: 0;\">ANDRA PRODUKTER<\/p>\n<p>[\/vc_column_text][\/vc_column_inner][\/vc_row_inner][\/vc_column][\/vc_row][vc_row expanded=&#8221;1,2&#8243; background_style=&#8221;cover&#8221; css=&#8221;.vc_custom_1414864978232{margin-bottom: 0px !important;}&#8221;][vc_column][vc_raw_html]JTNDc3R5bGUlMjB0eXBlJTNEJTIydGV4dCUyRmNzcyUyMiUzRSUwQSUwOSUwOSUwOSUwOS5vdmVybGF5MiUyMCU3QiUwQSUwOSUwOSUwOSUwOSUyMCUyMCUyMGJhY2tncm91bmQlM0F0cmFuc3BhcmVudCUzQiUyMCUwQSUwOSUwOSUwOSUwOSUyMCUyMCUyMHBvc2l0aW9uJTNBcmVsYXRpdmUlM0IlMjAlMEElMDklMDklMDklMDklMjAlMjAlMjB3aWR0aCUzQTEwMCUyNSUzQiUwQSUwOSUwOSUwOSUwOSUyMCUyMCUyMGhlaWdodCUzQTQwMHB4JTNCJTIwJTJGJTJBJTIweW91ciUyMGlmcmFtZSUyMGhlaWdodCUyMCUyQSUyRiUwQSUwOSUwOSUwOSUwOSUyMCUyMCUyMHRvcCUzQTQwMHB4JTNCJTIwJTIwJTJGJTJBJTIweW91ciUyMGlmcmFtZSUyMGhlaWdodCUyMCUyQSUyRiUwQSUwOSUwOSUwOSUwOSUyMCUyMCUyMG1hcmdpbi10b3AlM0EtNDAwcHglM0IlMjAlMjAlMkYlMkElMjB5b3VyJTIwaWZyYW1lJTIwaGVpZ2h0JTIwJTJBJTJGJTBBJTA5JTA5JTA5JTA5JTdEJTBBJTIwJTIwJTIwJTIwJTIwJTIwJTIwJTIwJTIwJTIwJTIwJTIwJTIwJTIwJTIwJTIwJTNDJTJGc3R5bGUlM0UlMEElM0NkaXYlMjBjbGFzcyUzRCUyMm92ZXJsYXkyJTIyJTIwb25jbGljayUzRCUyMnN0eWxlLnBvaW50ZXJFdmVudHMlM0QlMjdub25lJTI3JTIyJTNFJTNDJTJGZGl2JTNF[\/vc_raw_html][vc_gmaps link=&#8221;#E-8_JTNDaWZyYW1lJTIwc3JjJTNEJTIyaHR0cHMlM0ElMkYlMkZ3d3cuZ29vZ2xlLmNvbSUyRm1hcHMlMkZlbWJlZCUzRnBiJTNEJTIxMW0xNCUyMTFtOCUyMTFtMyUyMTFkMjk3Ni4xNjYxNjk1NTUwODYlMjEyZC0xLjQ3MTIzNTglMjEzZDQxLjc2MDA3NTAwMDAwMDAxNSUyMTNtMiUyMTFpMTAyNCUyMTJpNzY4JTIxNGYxMy4xJTIxM20zJTIxMW0yJTIxMXMweGQ1YmM4OWE5NTY1YThjNyUyNTNBMHg3ZjIxNDI5M2Q5ODRkODUlMjEyc0NhbGxlJTJCbGElMkJQb3NhZGElMjUyQyUyQjE0JTI1MkMlMkI1MDUyOSUyQkZ1ZW5kZWphbCUyNUMzJTI1QjNuJTI1MkMlMkJaYXJhZ296YSUyMTVlMCUyMTNtMiUyMTFzZXMlMjEyc2VzJTIxNHYxNDE0ODQ0MTc0NDczJTIyJTIwaGVpZ2h0JTNEJTIyNDUwJTIyJTIwZnJhbWVib3JkZXIlM0QlMjIwJTIyJTIwc3R5bGUlM0QlMjJib3JkZXIlM0EwJTIyJTNFJTNDJTJGaWZyYW1lJTNF&#8221; size=&#8221;450&#8243;][\/vc_column][\/vc_row]<\/p>\n","protected":false},"excerpt":{"rendered":"<p>[vc_row css=&#8221;.vc_custom_1414866289650{margin-top: -90px !important;margin-bottom: 0px !important;}&#8221; background_style=&#8221;cover&#8221;][vc_column][rev_slider_vc alias=&#8221;principal&#8221;][\/vc_column][\/vc_row][vc_row expanded=&#8221;1,2&#8243; background_style=&#8221;parallax&#8221; el_id=&#8221;parallax1&#8243; css=&#8221;.vc_custom_1414866980577{padding-top: 40px !important;padding-bottom: 40px !important;}&#8221;][vc_column width=&#8221;1\/6&#8243;][\/vc_column][vc_column width=&#8221;2\/3&#8243;][section_header use_decoration=&#8221;1&#8243; layout_type=&#8221;section-heading-polkadot-left-right&#8221; main_heading=&#8221;Mieles del T\u00edo Juan Cruz&#8221; separator_color=&#8221;#dd9933&#8243; css=&#8221;.vc_custom_1414867209967{margin-bottom: 10px !important;}&#8221;][vc_row_inner][vc_column_inner width=&#8221;1\/3&#8243;][vc_single_image image=&#8221;254&#8243; img_size=&#8221;full&#8221; alignment=&#8221;center&#8221; style=&#8221;vc_box_border&#8221; image_hover=&#8221;none&#8221; image_hover_type=&#8221;default&#8221;][\/vc_column_inner][vc_column_inner width=&#8221;2\/3&#8243;][vc_column_text]Detta projekt \u00e4r resultatet av ett arbete som startades av Ap\u00edcola Cuartero, ett familjef\u00f6retag som g\u00e5tt i arv igenom&hellip;<\/p>\n","protected":false},"author":1,"featured_media":0,"parent":0,"menu_order":0,"comment_status":"open","ping_status":"closed","template":"fullwidth.php","meta":[],"_links":{"self":[{"href":"https:\/\/mieltiojuancruz.com\/sv\/wp-json\/wp\/v2\/pages\/1534"}],"collection":[{"href":"https:\/\/mieltiojuancruz.com\/sv\/wp-json\/wp\/v2\/pages"}],"about":[{"href":"https:\/\/mieltiojuancruz.com\/sv\/wp-json\/wp\/v2\/types\/page"}],"author":[{"embeddable":true,"href":"https:\/\/mieltiojuancruz.com\/sv\/wp-json\/wp\/v2\/users\/1"}],"replies":[{"embeddable":true,"href":"https:\/\/mieltiojuancruz.com\/sv\/wp-json\/wp\/v2\/comments?post=1534"}],"version-history":[{"count":5,"href":"https:\/\/mieltiojuancruz.com\/sv\/wp-json\/wp\/v2\/pages\/1534\/revisions"}],"predecessor-version":[{"id":2329,"href":"https:\/\/mieltiojuancruz.com\/sv\/wp-json\/wp\/v2\/pages\/1534\/revisions\/2329"}],"wp:attachment":[{"href":"https:\/\/mieltiojuancruz.com\/sv\/wp-json\/wp\/v2\/media?parent=1534"}],"curies":[{"name":"wp","href":"https:\/\/api.w.org\/{rel}","templated":true}]}}