{"id":1545,"date":"2014-10-30T19:34:09","date_gmt":"2014-10-30T19:34:09","guid":{"rendered":"http:\/\/mieltiojuancruz.com\/las-abejas\/"},"modified":"2020-11-10T11:17:01","modified_gmt":"2020-11-10T10:17:01","slug":"las-abejas","status":"publish","type":"page","link":"https:\/\/mieltiojuancruz.com\/sv\/las-abejas\/","title":{"rendered":"BINA"},"content":{"rendered":"<p>[vc_row][vc_column width=&#8221;1\/1&#8243;][section_header use_decoration=&#8221;1&#8243; layout_type=&#8221;section-heading-wave&#8221; separator_position=&#8221;center&#8221; main_heading=&#8221;<strong>BINA<\/strong>&#8221; text_align=&#8221;center&#8221; font_size=&#8221;default&#8221; font_style=&#8221;default&#8221; separator_color=&#8221;#dd9933&#8243;][\/vc_column][\/vc_row][vc_row][vc_column width=&#8221;1\/2&#8243;][vc_column_text]Biodling i Spanien \u00e4r ett sv\u00e5rt yrke d\u00e5 det idag finns m\u00e5nga faktorer som utg\u00f6r ett hot f\u00f6r bina, t.ex. klimatf\u00f6r\u00e4ndringar eller industriellt jordbruk, p\u00e5 grund av monokulturer (mindre tillg\u00e4nglighet och variationsrik mat f\u00f6r dessa insekter) och anv\u00e4ndningen av giftiga bek\u00e4mpningsmedel.<\/p>\n<p>Bin spelar en grundl\u00e4ggande roll f\u00f6r att uppr\u00e4tth\u00e5lla ett rikt ekosystem \u00f6ver hela v\u00e4rlden, och d\u00e4rf\u00f6r \u00e4r biodling och uppf\u00f6dning av dessa insekter n\u00f6dv\u00e4ndigt. B\u00e5de livsmedelsproduktionen och den biologiska m\u00e5ngfalden p\u00e5 land \u00e4r starkt beroende av pollineringen, en naturlig process som g\u00f6r att blommor kan befruktas och d\u00e4rmed b\u00e4ra frukt och fr\u00f6n. Av alla insekter \u00e4r det bina som b\u00e4r huvudansvaret f\u00f6r denna process.<\/p>\n<p>Trots vikten av detta minskar bipopulationen kraftigt. D\u00e4rf\u00f6r avf\u00e4rdar Ap\u00edcola Cuartero anv\u00e4ndningen av bek\u00e4mpningsmedel som \u00e4r skadliga f\u00f6r bina som befinner sig runt blommorna som ska pollineras och st\u00f6der en ny modell f\u00f6r h\u00e5llbart jordbruk som respekterar milj\u00f6n och skiljer sig avsev\u00e4rt fr\u00e5n den industriella jordbruksmodellen som de stora multinationella f\u00f6retagen vill inf\u00f6ra. Ap\u00edcola Cuartero har av denna anledning l\u00e4nge f\u00f6rs\u00f6kt att etablera sina bikupor endast p\u00e5 rena, vilda och of\u00f6r\u00e4ndrade platser som valts ut efter en s\u00f6kning bland de m\u00e5nga tomma eller \u00f6vergivna platser som fortfarande finns utspridda \u00f6ver den spanska geografin.<span style=\"font-size: inherit;\">[\/vc_column_text][\/vc_column][vc_column width=&#8221;1\/2&#8243;][vc_gallery type=&#8221;flexslider_fade&#8221; interval=&#8221;3&#8243; images=&#8221;481,487,483,485&#8243; onclick=&#8221;link_image&#8221; custom_links_target=&#8221;_self&#8221; img_size=&#8221;full&#8221;][\/vc_column][\/vc_row]<\/span><\/p>\n","protected":false},"excerpt":{"rendered":"<p>[vc_row][vc_column width=&#8221;1\/1&#8243;][section_header use_decoration=&#8221;1&#8243; layout_type=&#8221;section-heading-wave&#8221; separator_position=&#8221;center&#8221; main_heading=&#8221;BINA&#8221; text_align=&#8221;center&#8221; font_size=&#8221;default&#8221; font_style=&#8221;default&#8221; separator_color=&#8221;#dd9933&#8243;][\/vc_column][\/vc_row][vc_row][vc_column width=&#8221;1\/2&#8243;][vc_column_text]Biodling i Spanien \u00e4r ett sv\u00e5rt yrke d\u00e5 det idag finns m\u00e5nga faktorer som utg\u00f6r ett hot f\u00f6r bina, t.ex. klimatf\u00f6r\u00e4ndringar eller industriellt jordbruk, p\u00e5 grund av monokulturer (mindre tillg\u00e4nglighet och variationsrik mat f\u00f6r dessa insekter) och anv\u00e4ndningen av giftiga bek\u00e4mpningsmedel. Bin spelar en grundl\u00e4ggande&hellip;<\/p>\n","protected":false},"author":1,"featured_media":0,"parent":0,"menu_order":0,"comment_status":"closed","ping_status":"closed","template":"","meta":[],"_links":{"self":[{"href":"https:\/\/mieltiojuancruz.com\/sv\/wp-json\/wp\/v2\/pages\/1545"}],"collection":[{"href":"https:\/\/mieltiojuancruz.com\/sv\/wp-json\/wp\/v2\/pages"}],"about":[{"href":"https:\/\/mieltiojuancruz.com\/sv\/wp-json\/wp\/v2\/types\/page"}],"author":[{"embeddable":true,"href":"https:\/\/mieltiojuancruz.com\/sv\/wp-json\/wp\/v2\/users\/1"}],"replies":[{"embeddable":true,"href":"https:\/\/mieltiojuancruz.com\/sv\/wp-json\/wp\/v2\/comments?post=1545"}],"version-history":[{"count":1,"href":"https:\/\/mieltiojuancruz.com\/sv\/wp-json\/wp\/v2\/pages\/1545\/revisions"}],"predecessor-version":[{"id":1546,"href":"https:\/\/mieltiojuancruz.com\/sv\/wp-json\/wp\/v2\/pages\/1545\/revisions\/1546"}],"wp:attachment":[{"href":"https:\/\/mieltiojuancruz.com\/sv\/wp-json\/wp\/v2\/media?parent=1545"}],"curies":[{"name":"wp","href":"https:\/\/api.w.org\/{rel}","templated":true}]}}