{"id":1562,"date":"2014-10-30T19:34:32","date_gmt":"2014-10-30T19:34:32","guid":{"rendered":"http:\/\/mieltiojuancruz.com\/nuestras-flores\/"},"modified":"2020-11-10T11:44:36","modified_gmt":"2020-11-10T10:44:36","slug":"nuestras-flores","status":"publish","type":"page","link":"https:\/\/mieltiojuancruz.com\/sv\/nuestras-flores\/","title":{"rendered":"V\u00c5RA BLOMMOR"},"content":{"rendered":"<p>[vc_row][vc_column width=&#8221;1\/1&#8243;][section_header use_decoration=&#8221;1&#8243; layout_type=&#8221;section-heading-border-top-bottom&#8221; separator_position=&#8221;center&#8221; main_heading=&#8221;V\u00c5RA BLOMMOR&#8221; text_align=&#8221;center&#8221; font_size=&#8221;default&#8221; font_style=&#8221;default&#8221; separator_color=&#8221;#dd9933&#8243;][\/vc_column][\/vc_row][vc_row][vc_column width=&#8221;1\/3&#8243;][vc_single_image image=&#8221;472&#8243; alignment=&#8221;center&#8221; style=&#8221;vc_box_outline_circle&#8221; border_color=&#8221;grey&#8221; img_link_target=&#8221;_self&#8221; image_hover=&#8221;none&#8221; image_hover_type=&#8221;default&#8221; img_size=&#8221;full&#8221;][vc_single_image image=&#8221;474&#8243; alignment=&#8221;center&#8221; style=&#8221;vc_box_outline_circle&#8221; border_color=&#8221;grey&#8221; img_link_target=&#8221;_self&#8221; image_hover=&#8221;none&#8221; image_hover_type=&#8221;default&#8221; img_size=&#8221;full&#8221;][\/vc_column][vc_column width=&#8221;2\/3&#8243;][vc_column_text]De mer \u00e4n 3000 bikuporna som Ap\u00edcola Cuartero har utspridda \u00f6ver stora delar av den spanska geografin inneb\u00e4r att honungen av T\u00edo Juan Cruzs f\u00f6rfogar \u00f6ver ett brett spektrum av blommor fr\u00e5n flera olika ekosystem, vilket gynnar bin och pollinering.<\/p>\n<p>I det aragonska territoriet anv\u00e4nds blommor som rosmarin och rosa timjan, den f\u00f6rsta producerar en mycket ljus honung med en mild smak och en behaglig aromatisk yta; och den andra honungen \u00e4r b\u00e4rnstensf\u00e4rgad och har en s\u00f6t smak med syrliga toner.<\/p>\n<p>Berget erbjuder andra blomsorter som ger uppfriskande lavendelhonung, b\u00e4rnstensr\u00f6d ljunghonung med stark smak; eukalyptushonung som har en mycket aromatisk och tr\u00e4ig smak; honung fr\u00e5n sk\u00e4rmlavendel med en mild och doftande smak; bj\u00f6rnb\u00e4rshonung, en exklusiv honung fr\u00e5n bj\u00f6rnb\u00e4rsjuice; och honungsdagg fr\u00e5n bergek och stenek som har en mycket m\u00f6rk i f\u00e4rg p\u00e5 grund av deras h\u00f6ga j\u00e4rnhalt och djupa smak.<\/p>\n<p>Medelhavsomr\u00e5det har dessutom nektarblommor som \u00e4r mycket attraktiva f\u00f6r bin. I den \u00f6stra delen av Spanien produceras honung av apelsinblommor, mispel med subtila och mycket aromatiska citrussmaker.<\/p>\n<p>Den spanska h\u00f6gsl\u00e4tten (Meseta) sk\u00e4nker blommor som solros, kyndel, vit timjan och vild lavendel. Den f\u00f6rsta ger en ljus b\u00e4rnstensf\u00e4rgad honung med en blommig lukt med oljiga och mycket s\u00f6ta toner. Den andra ger en tjock och n\u00e4stan vit honung av \u00f6verl\u00e4gsen kvalitet.<\/p>\n<p>Fr\u00e5n \u00e4ngarna i Ebro-dalen utvinns honungen &#8220;Mil flores&#8221; (tusen blommor) och honung fr\u00e5n lusern. Som namnet antyder \u00e4r honungen &#8220;Mil flores&#8221;, en naturlig honung fr\u00e5n olika blommor.<\/p>\n<p>Andra v\u00e4xter som anv\u00e4nds f\u00f6r att producera honungen Mieles de T\u00edo Juan Cruz \u00e4r lind, som ger en ljusgul honung med en skarp doft; gran, vars salvia sugs in av bina vilket ger honungen en gr\u00f6n f\u00e4rg med en balsamisk doft; och akacia, som ger en klar och flytande honung med en mild smak som l\u00e4mnar en unik s\u00f6tma i gommen.<span style=\"font-size: inherit;\">[\/vc_column_text][\/vc_column][\/vc_row]<\/span><\/p>\n","protected":false},"excerpt":{"rendered":"<p>[vc_row][vc_column width=&#8221;1\/1&#8243;][section_header use_decoration=&#8221;1&#8243; layout_type=&#8221;section-heading-border-top-bottom&#8221; separator_position=&#8221;center&#8221; main_heading=&#8221;V\u00c5RA BLOMMOR&#8221; text_align=&#8221;center&#8221; font_size=&#8221;default&#8221; font_style=&#8221;default&#8221; separator_color=&#8221;#dd9933&#8243;][\/vc_column][\/vc_row][vc_row][vc_column width=&#8221;1\/3&#8243;][vc_single_image image=&#8221;472&#8243; alignment=&#8221;center&#8221; style=&#8221;vc_box_outline_circle&#8221; border_color=&#8221;grey&#8221; img_link_target=&#8221;_self&#8221; image_hover=&#8221;none&#8221; image_hover_type=&#8221;default&#8221; img_size=&#8221;full&#8221;][vc_single_image image=&#8221;474&#8243; alignment=&#8221;center&#8221; style=&#8221;vc_box_outline_circle&#8221; border_color=&#8221;grey&#8221; img_link_target=&#8221;_self&#8221; image_hover=&#8221;none&#8221; image_hover_type=&#8221;default&#8221; img_size=&#8221;full&#8221;][\/vc_column][vc_column width=&#8221;2\/3&#8243;][vc_column_text]De mer \u00e4n 3000 bikuporna som Ap\u00edcola Cuartero har utspridda \u00f6ver stora delar av den spanska geografin inneb\u00e4r att honungen av T\u00edo Juan Cruzs f\u00f6rfogar \u00f6ver ett&hellip;<\/p>\n","protected":false},"author":1,"featured_media":0,"parent":0,"menu_order":0,"comment_status":"closed","ping_status":"closed","template":"","meta":[],"_links":{"self":[{"href":"https:\/\/mieltiojuancruz.com\/sv\/wp-json\/wp\/v2\/pages\/1562"}],"collection":[{"href":"https:\/\/mieltiojuancruz.com\/sv\/wp-json\/wp\/v2\/pages"}],"about":[{"href":"https:\/\/mieltiojuancruz.com\/sv\/wp-json\/wp\/v2\/types\/page"}],"author":[{"embeddable":true,"href":"https:\/\/mieltiojuancruz.com\/sv\/wp-json\/wp\/v2\/users\/1"}],"replies":[{"embeddable":true,"href":"https:\/\/mieltiojuancruz.com\/sv\/wp-json\/wp\/v2\/comments?post=1562"}],"version-history":[{"count":1,"href":"https:\/\/mieltiojuancruz.com\/sv\/wp-json\/wp\/v2\/pages\/1562\/revisions"}],"predecessor-version":[{"id":1563,"href":"https:\/\/mieltiojuancruz.com\/sv\/wp-json\/wp\/v2\/pages\/1562\/revisions\/1563"}],"wp:attachment":[{"href":"https:\/\/mieltiojuancruz.com\/sv\/wp-json\/wp\/v2\/media?parent=1562"}],"curies":[{"name":"wp","href":"https:\/\/api.w.org\/{rel}","templated":true}]}}