{"id":1569,"date":"2014-10-30T19:35:42","date_gmt":"2014-10-30T19:35:42","guid":{"rendered":"http:\/\/mieltiojuancruz.com\/nuestros-productos\/"},"modified":"2020-11-10T14:00:56","modified_gmt":"2020-11-10T13:00:56","slug":"nuestros-productos","status":"publish","type":"page","link":"https:\/\/mieltiojuancruz.com\/sv\/nuestros-productos\/","title":{"rendered":"V\u00c5RA PRODUKTER"},"content":{"rendered":"<p>[vc_row background_style=&#8221;cover&#8221;][vc_column][section_header use_decoration=&#8221;1&#8243; layout_type=&#8221;section-heading-swirl&#8221; main_heading=&#8221;V\u00c5RA PRODUKTER&#8221; separator_color=&#8221;#dd9933&#8243;][vc_column_text]Naturen erbjuder m\u00e5nga olika honungstyper, eftersom deras smak avg\u00f6rs av de v\u00e4xter bina samlar nektar fr\u00e5n. Det finns mycket intensiva sorter som vanligtvis har en m\u00f6rkare f\u00e4rg, och andra lite mildare med en ljusare f\u00e4rg.<\/p>\n<p>H\u00e4r kan du hitta alla produkter fr\u00e5n Mieles del T\u00edo Juan Cruz. De kommer i stora burkar p\u00e5 (940 gr) och mindre burkar p\u00e5 (470 gr) och honungsvin\u00e4gerflaskan har en kapacitet p\u00e5 250 ml. Etiketterna \u00e4r dessutom skrivna p\u00e5 fem spr\u00e5k (spanska, engelska, franska, tyska, och klassisk arabiska).<span style=\"font-size: inherit;\">[\/vc_column_text][\/vc_column][\/vc_row][vc_row background_style=&#8221;cover&#8221;][vc_column][vc_row_inner][vc_column_inner width=&#8221;1\/4&#8243;][vc_single_image image=&#8221;360&#8243; img_size=&#8221;250&#215;180&#8243; alignment=&#8221;center&#8221; style=&#8221;vc_box_border&#8221; border_color=&#8221;black&#8221; onclick=&#8221;custom_link&#8221; image_hover=&#8221;none&#8221; image_hover_type=&#8221;default&#8221; image_hover_text=&#8221;De Arag\u00f3n&#8221; img_link=&#8221;http:\/\/mieltiojuancruz.com\/sv\/mieles-de-aragon\/&#8221; link=&#8221;http:\/\/mieltiojuancruz.com\/sv\/mieles-de-aragon\/&#8221;][vc_column_text el_class=&#8221;nombres&#8221;]<\/span><\/p>\n<p style=\"text-align: center; margin-top: 0;\">HONUNG FR\u00c5N ARAGONIEN<\/p>\n<p>[\/vc_column_text][\/vc_column_inner][vc_column_inner width=&#8221;1\/4&#8243;][vc_single_image image=&#8221;370&#8243; img_size=&#8221;250&#215;180&#8243; alignment=&#8221;center&#8221; style=&#8221;vc_box_border&#8221; border_color=&#8221;black&#8221; onclick=&#8221;custom_link&#8221; image_hover=&#8221;none&#8221; image_hover_type=&#8221;default&#8221; image_hover_text=&#8221;De Arag\u00f3n&#8221; link=&#8221;http:\/\/mieltiojuancruz.com\/sv\/mieles-de-montana\/&#8221;][vc_column_text el_class=&#8221;nombres&#8221;]<\/p>\n<p style=\"text-align: center; margin-top: 0;\">HONUNG FR\u00c5N BERGEN<\/p>\n<p>[\/vc_column_text][\/vc_column_inner][vc_column_inner width=&#8221;1\/4&#8243;][vc_single_image image=&#8221;366&#8243; img_size=&#8221;250&#215;180&#8243; alignment=&#8221;center&#8221; style=&#8221;vc_box_border&#8221; border_color=&#8221;black&#8221; onclick=&#8221;custom_link&#8221; image_hover=&#8221;none&#8221; image_hover_type=&#8221;default&#8221; image_hover_text=&#8221;De Arag\u00f3n&#8221; link=&#8221;http:\/\/mieltiojuancruz.com\/sv\/mieles-mediterraneas\/&#8221;][vc_column_text el_class=&#8221;nombres&#8221;]<\/p>\n<p style=\"text-align: center; margin-top: 0;\">MEDELHAVSHONUNG<\/p>\n<p>[\/vc_column_text][\/vc_column_inner][vc_column_inner width=&#8221;1\/4&#8243;][vc_single_image image=&#8221;368&#8243; img_size=&#8221;250&#215;180&#8243; alignment=&#8221;center&#8221; style=&#8221;vc_box_border&#8221; border_color=&#8221;black&#8221; onclick=&#8221;custom_link&#8221; image_hover=&#8221;none&#8221; image_hover_type=&#8221;default&#8221; image_hover_text=&#8221;De Arag\u00f3n&#8221; link=&#8221;http:\/\/mieltiojuancruz.com\/sv\/mieles-de-meseta\/&#8221;][vc_column_text el_class=&#8221;nombres&#8221;]<\/p>\n<p style=\"text-align: center; margin-top: 0;\">HONUNG FR\u00c5N MESETA<\/p>\n<p>[\/vc_column_text][\/vc_column_inner][\/vc_row_inner][vc_row_inner][vc_column_inner width=&#8221;1\/4&#8243;][vc_single_image image=&#8221;374&#8243; img_size=&#8221;250&#215;180&#8243; alignment=&#8221;center&#8221; style=&#8221;vc_box_border&#8221; border_color=&#8221;black&#8221; onclick=&#8221;custom_link&#8221; image_hover=&#8221;none&#8221; image_hover_type=&#8221;default&#8221; image_hover_text=&#8221;De Arag\u00f3n&#8221; link=&#8221;http:\/\/mieltiojuancruz.com\/sv\/mieles-de-pradera\/&#8221;][vc_column_text el_class=&#8221;nombres&#8221;]<\/p>\n<p style=\"text-align: center; margin-top: 0;\">HONUNG FR\u00c5N GR\u00c4SMARK<\/p>\n<p>[\/vc_column_text][\/vc_column_inner][vc_column_inner width=&#8221;1\/4&#8243;][vc_single_image image=&#8221;364&#8243; img_size=&#8221;250&#215;180&#8243; alignment=&#8221;center&#8221; style=&#8221;vc_box_border&#8221; border_color=&#8221;black&#8221; onclick=&#8221;custom_link&#8221; image_hover=&#8221;none&#8221; image_hover_type=&#8221;default&#8221; image_hover_text=&#8221;De Arag\u00f3n&#8221; link=&#8221;http:\/\/mieltiojuancruz.com\/nl\/mieles-foraneas\/&#8221;][vc_column_text el_class=&#8221;nombres&#8221;]<\/p>\n<p style=\"text-align: center; margin-top: 0;\">UTL\u00c4NDSK HONUNG<\/p>\n<p>[\/vc_column_text][\/vc_column_inner][vc_column_inner width=&#8221;1\/4&#8243;][vc_single_image image=&#8221;362&#8243; img_size=&#8221;250&#215;180&#8243; alignment=&#8221;center&#8221; style=&#8221;vc_box_border&#8221; border_color=&#8221;black&#8221; onclick=&#8221;custom_link&#8221; image_hover=&#8221;none&#8221; image_hover_type=&#8221;default&#8221; image_hover_text=&#8221;De Arag\u00f3n&#8221; link=&#8221;http:\/\/mieltiojuancruz.com\/sv\/mieles-especiales\/&#8221;][vc_column_text el_class=&#8221;nombres&#8221;]<\/p>\n<p style=\"text-align: center; margin-top: 0;\">SPECIELL HONUNG<\/p>\n<p>[\/vc_column_text][\/vc_column_inner][vc_column_inner width=&#8221;1\/4&#8243;][vc_single_image image=&#8221;605&#8243; img_size=&#8221;250&#215;180&#8243; alignment=&#8221;center&#8221; style=&#8221;vc_box_border&#8221; border_color=&#8221;black&#8221; onclick=&#8221;custom_link&#8221; image_hover=&#8221;none&#8221; image_hover_type=&#8221;default&#8221; image_hover_text=&#8221;De Arag\u00f3n&#8221; link=&#8221;http:\/\/mieltiojuancruz.com\/sv\/otros-productos-2\/&#8221;][vc_column_text el_class=&#8221;nombres&#8221;]<\/p>\n<p style=\"text-align: center; margin-top: 0;\">ANDRA PRODUKTER<\/p>\n<p>[\/vc_column_text][\/vc_column_inner][\/vc_row_inner][\/vc_column][\/vc_row]<\/p>\n","protected":false},"excerpt":{"rendered":"<p>[vc_row background_style=&#8221;cover&#8221;][vc_column][section_header use_decoration=&#8221;1&#8243; layout_type=&#8221;section-heading-swirl&#8221; main_heading=&#8221;V\u00c5RA PRODUKTER&#8221; separator_color=&#8221;#dd9933&#8243;][vc_column_text]Naturen erbjuder m\u00e5nga olika honungstyper, eftersom deras smak avg\u00f6rs av de v\u00e4xter bina samlar nektar fr\u00e5n. Det finns mycket intensiva sorter som vanligtvis har en m\u00f6rkare f\u00e4rg, och andra lite mildare med en ljusare f\u00e4rg. H\u00e4r kan du hitta alla produkter fr\u00e5n Mieles del T\u00edo Juan Cruz. De kommer&hellip;<\/p>\n","protected":false},"author":1,"featured_media":0,"parent":0,"menu_order":0,"comment_status":"closed","ping_status":"closed","template":"fullwidth.php","meta":[],"_links":{"self":[{"href":"https:\/\/mieltiojuancruz.com\/sv\/wp-json\/wp\/v2\/pages\/1569"}],"collection":[{"href":"https:\/\/mieltiojuancruz.com\/sv\/wp-json\/wp\/v2\/pages"}],"about":[{"href":"https:\/\/mieltiojuancruz.com\/sv\/wp-json\/wp\/v2\/types\/page"}],"author":[{"embeddable":true,"href":"https:\/\/mieltiojuancruz.com\/sv\/wp-json\/wp\/v2\/users\/1"}],"replies":[{"embeddable":true,"href":"https:\/\/mieltiojuancruz.com\/sv\/wp-json\/wp\/v2\/comments?post=1569"}],"version-history":[{"count":3,"href":"https:\/\/mieltiojuancruz.com\/sv\/wp-json\/wp\/v2\/pages\/1569\/revisions"}],"predecessor-version":[{"id":1659,"href":"https:\/\/mieltiojuancruz.com\/sv\/wp-json\/wp\/v2\/pages\/1569\/revisions\/1659"}],"wp:attachment":[{"href":"https:\/\/mieltiojuancruz.com\/sv\/wp-json\/wp\/v2\/media?parent=1569"}],"curies":[{"name":"wp","href":"https:\/\/api.w.org\/{rel}","templated":true}]}}