{"id":1582,"date":"2014-10-29T21:58:05","date_gmt":"2014-10-29T21:58:05","guid":{"rendered":"http:\/\/mieltiojuancruz.com\/valores\/"},"modified":"2020-11-10T12:08:48","modified_gmt":"2020-11-10T11:08:48","slug":"valores","status":"publish","type":"page","link":"https:\/\/mieltiojuancruz.com\/sv\/valores\/","title":{"rendered":"V\u00c4RDERINGAR"},"content":{"rendered":"<p>[vc_row][vc_column width=&#8221;1\/1&#8243;][section_header use_decoration=&#8221;1&#8243; layout_type=&#8221;section-heading-double-border-bottom&#8221; separator_position=&#8221;center&#8221; main_heading=&#8221;V\u00c4RDERINGAR&#8221; text_align=&#8221;center&#8221; font_size=&#8221;default&#8221; font_style=&#8221;default&#8221; separator_color=&#8221;#dd9933&#8243;][\/vc_column][\/vc_row][vc_row][vc_column width=&#8221;1\/3&#8243;][vc_gallery type=&#8221;flexslider_fade&#8221; interval=&#8221;3&#8243; images=&#8221;505,499,501,503&#8243; onclick=&#8221;link_image&#8221; custom_links_target=&#8221;_self&#8221; img_size=&#8221;full&#8221;][\/vc_column][vc_column width=&#8221;2\/3&#8243;][vc_column_text]Ap\u00edcola Cuartero och Mieles T\u00edo Juan Cruz s\u00e4tt att arbeta bygger p\u00e5 spetskompetens inom honungsproduktion och bevarandet av dess smak, liksom omsorg i fr\u00e5ga om bisk\u00f6tsel och bikupehantering f\u00f6r att fr\u00e4mja en riklig honungsproduktion av b\u00e4sta kvalitet.<\/p>\n<p>Det \u00e4r ett familjef\u00f6retag som fokuserar p\u00e5 att uppr\u00e4tth\u00e5lla h\u00f6ga standarder, vars produktion bygger p\u00e5 ekologiska principer med respekt f\u00f6r naturen, som g\u00e5r ut p\u00e5 att anv\u00e4nda naturens g\u00e5vor utan att skada den. De f\u00f6rs\u00f6ker ocks\u00e5 \u00e5terst\u00e4lla traditionella yrken s\u00e5 att fler bos\u00e4tter sig p\u00e5 platser som l\u00e4mnats \u00f6de.<\/p>\n<p>I den r\u00e5dande globaliseringen, d\u00e4r det har skett en f\u00f6rlust av m\u00e5ngfald n\u00e4r det g\u00e4ller produkter och gr\u00f6dor, str\u00e4var Ap\u00edcola Cuartero efter att bibeh\u00e5lla och f\u00e5 tillbaka de traditionella smakerna s\u00e5 att jordens resurser, som presenteras i f\u00f6rpackningar, bibeh\u00e5ller allt sitt v\u00e4rde. M\u00e5let \u00e4r skilja sig fr\u00e5n standardprodukterna som st\u00e4ndigt dyker upp och vars smak alltid \u00e4r identisk. Vad som g\u00f6r att Mieles del T\u00edo Juan Cruz utm\u00e4rker sig fr\u00e5n andra, \u00e4r deras naturliga och traditionella framst\u00e4llning, vilket g\u00f6r att varje sk\u00f6rd ger olika smaknyanserna varierar fr\u00e5n sk\u00f6rd till sk\u00f6rd samtidigt som de uppfyller h\u00f6gsta m\u00f6jliga kvalitetsstandard.<span style=\"font-size: inherit;\">[\/vc_column_text][\/vc_column][\/vc_row]<\/span><\/p>\n","protected":false},"excerpt":{"rendered":"<p>[vc_row][vc_column width=&#8221;1\/1&#8243;][section_header use_decoration=&#8221;1&#8243; layout_type=&#8221;section-heading-double-border-bottom&#8221; separator_position=&#8221;center&#8221; main_heading=&#8221;V\u00c4RDERINGAR&#8221; text_align=&#8221;center&#8221; font_size=&#8221;default&#8221; font_style=&#8221;default&#8221; separator_color=&#8221;#dd9933&#8243;][\/vc_column][\/vc_row][vc_row][vc_column width=&#8221;1\/3&#8243;][vc_gallery type=&#8221;flexslider_fade&#8221; interval=&#8221;3&#8243; images=&#8221;505,499,501,503&#8243; onclick=&#8221;link_image&#8221; custom_links_target=&#8221;_self&#8221; img_size=&#8221;full&#8221;][\/vc_column][vc_column width=&#8221;2\/3&#8243;][vc_column_text]Ap\u00edcola Cuartero och Mieles T\u00edo Juan Cruz s\u00e4tt att arbeta bygger p\u00e5 spetskompetens inom honungsproduktion och bevarandet av dess smak, liksom omsorg i fr\u00e5ga om bisk\u00f6tsel och bikupehantering f\u00f6r att fr\u00e4mja en riklig honungsproduktion av b\u00e4sta kvalitet. Det&hellip;<\/p>\n","protected":false},"author":1,"featured_media":0,"parent":0,"menu_order":0,"comment_status":"closed","ping_status":"closed","template":"","meta":[],"_links":{"self":[{"href":"https:\/\/mieltiojuancruz.com\/sv\/wp-json\/wp\/v2\/pages\/1582"}],"collection":[{"href":"https:\/\/mieltiojuancruz.com\/sv\/wp-json\/wp\/v2\/pages"}],"about":[{"href":"https:\/\/mieltiojuancruz.com\/sv\/wp-json\/wp\/v2\/types\/page"}],"author":[{"embeddable":true,"href":"https:\/\/mieltiojuancruz.com\/sv\/wp-json\/wp\/v2\/users\/1"}],"replies":[{"embeddable":true,"href":"https:\/\/mieltiojuancruz.com\/sv\/wp-json\/wp\/v2\/comments?post=1582"}],"version-history":[{"count":1,"href":"https:\/\/mieltiojuancruz.com\/sv\/wp-json\/wp\/v2\/pages\/1582\/revisions"}],"predecessor-version":[{"id":1583,"href":"https:\/\/mieltiojuancruz.com\/sv\/wp-json\/wp\/v2\/pages\/1582\/revisions\/1583"}],"wp:attachment":[{"href":"https:\/\/mieltiojuancruz.com\/sv\/wp-json\/wp\/v2\/media?parent=1582"}],"curies":[{"name":"wp","href":"https:\/\/api.w.org\/{rel}","templated":true}]}}